{"id":1738,"date":"2024-05-22T18:48:29","date_gmt":"2024-05-22T18:48:29","guid":{"rendered":"https:\/\/grupoeducarplus.com\/?page_id=1738"},"modified":"2024-05-22T18:51:35","modified_gmt":"2024-05-22T18:51:35","slug":"espm-y-canvas-lms-un-viaje-hacia-la-evolucion","status":"publish","type":"page","link":"https:\/\/grupoeducarplus.com\/index.php\/espm-y-canvas-lms-un-viaje-hacia-la-evolucion\/","title":{"rendered":"ESPM y Canvas LMS: un viaje hacia la evoluci\u00f3n"},"content":{"rendered":"\t\t<div data-elementor-type=\"wp-page\" data-elementor-id=\"1738\" class=\"elementor elementor-1738\">\n\t\t\t\t\t\t<section class=\"elementor-section elementor-top-section elementor-element elementor-element-2d36048f elementor-section-boxed elementor-section-height-default elementor-section-height-default\" data-id=\"2d36048f\" data-element_type=\"section\">\n\t\t\t\t\t\t<div class=\"elementor-container elementor-column-gap-default\">\n\t\t\t\t\t<div class=\"elementor-column elementor-col-100 elementor-top-column elementor-element elementor-element-3f3d91a8\" data-id=\"3f3d91a8\" data-element_type=\"column\">\n\t\t\t<div class=\"elementor-widget-wrap elementor-element-populated\">\n\t\t\t\t\t\t<div class=\"elementor-element elementor-element-69086bce de_scroll_animation_no elementor-invisible elementor-widget elementor-widget-heading\" data-id=\"69086bce\" data-element_type=\"widget\" data-settings=\"{&quot;_animation&quot;:&quot;fadeInUp&quot;,&quot;_animation_delay&quot;:80}\" data-widget_type=\"heading.default\">\n\t\t\t\t<div class=\"elementor-widget-container\">\n\t\t\t\t\t<h1 class=\"elementor-heading-title elementor-size-default\">ESPM y Canvas LMS:<br>un viaje hacia la evoluci\u00f3n<\/h1>\t\t\t\t<\/div>\n\t\t\t\t<\/div>\n\t\t\t\t<div class=\"elementor-element elementor-element-50aae898 de_scroll_animation_no elementor-invisible elementor-widget elementor-widget-heading\" data-id=\"50aae898\" data-element_type=\"widget\" data-settings=\"{&quot;_animation&quot;:&quot;fadeInUp&quot;}\" data-widget_type=\"heading.default\">\n\t\t\t\t<div class=\"elementor-widget-container\">\n\t\t\t\t\t<h6 class=\"elementor-heading-title elementor-size-default\">Al migrar a Canvas LMS, ESPM logr\u00f3 una adopci\u00f3n del 100 % de su entorno de aprendizaje virtual, ofreciendo una mejor usabilidad, flexibilidad y escalabilidad a estudiantes y profesores.<\/h6>\t\t\t\t<\/div>\n\t\t\t\t<\/div>\n\t\t\t\t\t<\/div>\n\t\t<\/div>\n\t\t\t\t\t<\/div>\n\t\t<\/section>\n\t\t<div class=\"elementor-element elementor-element-8a28605 e-flex e-con-boxed e-con e-parent\" data-id=\"8a28605\" data-element_type=\"container\">\n\t\t\t\t\t<div class=\"e-con-inner\">\n\t\t\t\t<div class=\"elementor-element elementor-element-8837b06 de_scroll_animation_no elementor-widget elementor-widget-embedpress_pdf\" data-id=\"8837b06\" data-element_type=\"widget\" data-widget_type=\"embedpress_pdf.default\">\n\t\t\t\t<div class=\"elementor-widget-container\">\n\t\t\t\t\t    <div class=\"embedpress-document-embed ep-doc-96009669db250ae009b9be2e2db64388 ose-document emebedpress-unit-percent \" data-thememode=\"custom\" data-customcolor=\"#DBDBDB\" data-toolbar=\"yes\" data-toolbar-position=\"top\" data-open=\"no\" data-presentation-mode=\"\" data-download=\"yes\" data-copy=\"yes\" data-add-image=\"yes\" data-rotate=\"\" data-details=\"\" data-id=\"embedpress-pdf-8837b06\" data-selection-tool=\"0\" data-scrolling=\"0\" data-spreads=\"-1\" style=\" max-width:100%; display: inline-block\">\n\n        \n                <div >\n\n                    <div id=\"ep-elementor-content-8837b06\" class=\"ep-elementor-content   ep-percentage-width   ep-content-protection-disabled\">\n                        <div id=\"8837b06\" class=\"ep-embed-content-wraper\">\n                            <div><iframe title=\"espm-y-canvas-lms-un-viaje-hacia-la-evolucio-n\" class=\"embedpress-embed-document-pdf embedpress-pdf-8837b06\" style=\"width: 600%!important;height: 625px;; max-width:100%; display: inline-block\" src=\"https:\/\/grupoeducarplus.com\/wp-admin\/admin-ajax.php?action=get_viewer&#038;file=https%3A%2F%2Fgrupoeducarplus.com%2Fwp-content%2Fuploads%2F2024%2F05%2Fespm-y-canvas-lms-un-viaje-hacia-la-evolucio-n.pdf&#038;scrolling=0&#038;selection_tool=0&#038;spreads=-1#key=dGhlbWVNb2RlPWN1c3RvbSZ0b29sYmFyPXRydWUmcG9zaXRpb249dG9wJnByZXNlbnRhdGlvbj1mYWxzZSZsYXp5TG9hZD1mYWxzZSZkb3dubG9hZD10cnVlJmNvcHlfdGV4dD10cnVlJmFkZF90ZXh0PWZhbHNlJmRyYXc9dHJ1ZSZhZGRfaW1hZ2U9dHJ1ZSZwZGZfcm90YXRpb249ZmFsc2UmcGRmX2RldGFpbHM9ZmFsc2Umem9vbV9pbj10cnVlJnpvb21fb3V0PXRydWUmZml0X3ZpZXc9dHJ1ZSZib29rbWFyaz10cnVlJnNvdW5kPXRydWUmZmxpcGJvb2tfdG9vbGJhcl9wb3NpdGlvbj1ib3R0b20mc2VsZWN0aW9uX3Rvb2w9MCZzY3JvbGxpbmc9MCZzcHJlYWRzPS0xJmlzX3Byb19hY3RpdmU9MCZjdXN0b21Db2xvcj0lMjNEQkRCREI=&#038;zoom=57\" class=\"embedpress-embed-document-pdf embedpress-pdf-8837b06\" data-emid=\"embedpress-pdf-8837b06\" data-embed-type=\"PDF\" frameborder=\"0\"><\/iframe><\/div>                        <\/div>\n\n                    <\/div>\n\n\n                   \n                <\/div>\n            \n    <\/div>\n\n\t\t\t\t<\/div>\n\t\t\t\t<\/div>\n\t\t\t\t\t<\/div>\n\t\t\t\t<\/div>\n\t\t\t\t<section class=\"elementor-section elementor-top-section elementor-element elementor-element-296445ca elementor-section-boxed elementor-section-height-default elementor-section-height-default\" data-id=\"296445ca\" data-element_type=\"section\">\n\t\t\t\t\t\t<div class=\"elementor-container elementor-column-gap-default\">\n\t\t\t\t\t<div class=\"elementor-column elementor-col-100 elementor-top-column elementor-element elementor-element-644a8f41\" data-id=\"644a8f41\" data-element_type=\"column\" data-settings=\"{&quot;background_background&quot;:&quot;classic&quot;}\">\n\t\t\t<div class=\"elementor-widget-wrap elementor-element-populated\">\n\t\t\t\t\t\t<section class=\"elementor-section elementor-inner-section elementor-element elementor-element-34693cbb elementor-section-boxed elementor-section-height-default elementor-section-height-default\" data-id=\"34693cbb\" data-element_type=\"section\">\n\t\t\t\t\t\t<div class=\"elementor-container elementor-column-gap-default\">\n\t\t\t\t\t<div class=\"elementor-column elementor-col-100 elementor-inner-column elementor-element elementor-element-2075517\" data-id=\"2075517\" data-element_type=\"column\">\n\t\t\t<div class=\"elementor-widget-wrap elementor-element-populated\">\n\t\t\t\t\t\t<div class=\"elementor-element elementor-element-5d5c323 elementor-align-center elementor-mobile-align-center de_scroll_animation_no elementor-invisible elementor-widget elementor-widget-button\" data-id=\"5d5c323\" data-element_type=\"widget\" data-settings=\"{&quot;_animation&quot;:&quot;fadeInUp&quot;,&quot;_animation_delay&quot;:90}\" data-widget_type=\"button.default\">\n\t\t\t\t<div class=\"elementor-widget-container\">\n\t\t\t\t\t\t\t\t\t<div class=\"elementor-button-wrapper\">\n\t\t\t\t\t<a class=\"elementor-button elementor-button-link elementor-size-sm elementor-animation-float\" href=\"https:\/\/grupoeducarplus.com\/wp-content\/uploads\/2024\/05\/espm-y-canvas-lms-un-viaje-hacia-la-evolucio-n.pdf\" download=\"\">\n\t\t\t\t\t\t<span class=\"elementor-button-content-wrapper\">\n\t\t\t\t\t\t\t\t\t<span class=\"elementor-button-text\">Descarga caso de estudio<\/span>\n\t\t\t\t\t<\/span>\n\t\t\t\t\t<\/a>\n\t\t\t\t<\/div>\n\t\t\t\t\t\t\t\t<\/div>\n\t\t\t\t<\/div>\n\t\t\t\t\t<\/div>\n\t\t<\/div>\n\t\t\t\t\t<\/div>\n\t\t<\/section>\n\t\t\t\t\t<\/div>\n\t\t<\/div>\n\t\t\t\t\t<\/div>\n\t\t<\/section>\n\t\t\t\t<\/div>\n\t\t","protected":false},"excerpt":{"rendered":"<p>ESPM y Canvas LMS:un viaje hacia la evoluci\u00f3n Al migrar a Canvas LMS, ESPM logr\u00f3 una adopci\u00f3n del 100 % de su entorno de aprendizaje virtual, ofreciendo una mejor usabilidad, flexibilidad y escalabilidad a estudiantes y profesores. Descarga caso de estudio<\/p>\n","protected":false},"author":1,"featured_media":0,"parent":0,"menu_order":0,"comment_status":"closed","ping_status":"closed","template":"elementor_header_footer","meta":{"footnotes":""},"class_list":["post-1738","page","type-page","status-publish","hentry"],"_links":{"self":[{"href":"https:\/\/grupoeducarplus.com\/index.php\/wp-json\/wp\/v2\/pages\/1738","targetHints":{"allow":["GET"]}}],"collection":[{"href":"https:\/\/grupoeducarplus.com\/index.php\/wp-json\/wp\/v2\/pages"}],"about":[{"href":"https:\/\/grupoeducarplus.com\/index.php\/wp-json\/wp\/v2\/types\/page"}],"author":[{"embeddable":true,"href":"https:\/\/grupoeducarplus.com\/index.php\/wp-json\/wp\/v2\/users\/1"}],"replies":[{"embeddable":true,"href":"https:\/\/grupoeducarplus.com\/index.php\/wp-json\/wp\/v2\/comments?post=1738"}],"version-history":[{"count":4,"href":"https:\/\/grupoeducarplus.com\/index.php\/wp-json\/wp\/v2\/pages\/1738\/revisions"}],"predecessor-version":[{"id":1742,"href":"https:\/\/grupoeducarplus.com\/index.php\/wp-json\/wp\/v2\/pages\/1738\/revisions\/1742"}],"wp:attachment":[{"href":"https:\/\/grupoeducarplus.com\/index.php\/wp-json\/wp\/v2\/media?parent=1738"}],"curies":[{"name":"wp","href":"https:\/\/api.w.org\/{rel}","templated":true}]}}